{"id":411,"date":"2020-12-29T12:05:45","date_gmt":"2020-12-29T12:05:45","guid":{"rendered":"https:\/\/themes.muffingroup.com\/be\/farm2_el\/?page_id=411"},"modified":"2022-07-17T19:22:23","modified_gmt":"2022-07-17T19:22:23","slug":"productos","status":"publish","type":"page","link":"https:\/\/sanctaterra.com.mx\/index.php\/productos\/","title":{"rendered":"Productos"},"content":{"rendered":"\t\t<div data-elementor-type=\"wp-page\" data-elementor-id=\"411\" class=\"elementor elementor-411\">\n\t\t\t\t\t\t\t\t\t<section class=\"elementor-section elementor-top-section elementor-element elementor-element-959893c elementor-section-stretched elementor-section-boxed elementor-section-height-default elementor-section-height-default\" data-id=\"959893c\" data-element_type=\"section\" data-settings=\"{&quot;stretch_section&quot;:&quot;section-stretched&quot;}\">\n\t\t\t\t\t\t<div class=\"elementor-container elementor-column-gap-wider\">\n\t\t\t\t\t<div class=\"elementor-column elementor-col-100 elementor-top-column elementor-element elementor-element-ee98f76\" data-id=\"ee98f76\" data-element_type=\"column\">\n\t\t\t<div class=\"elementor-widget-wrap elementor-element-populated\">\n\t\t\t\t\t\t\t\t<section class=\"elementor-section elementor-inner-section elementor-element elementor-element-7035843 elementor-section-boxed elementor-section-height-default elementor-section-height-default\" data-id=\"7035843\" data-element_type=\"section\">\n\t\t\t\t\t\t<div class=\"elementor-container elementor-column-gap-default\">\n\t\t\t\t\t<div class=\"elementor-column elementor-col-50 elementor-inner-column elementor-element elementor-element-15fc0a2\" data-id=\"15fc0a2\" data-element_type=\"column\">\n\t\t\t<div class=\"elementor-widget-wrap elementor-element-populated\">\n\t\t\t\t\t\t\t\t<div class=\"elementor-element elementor-element-4c1e4dd elementor-widget elementor-widget-image\" data-id=\"4c1e4dd\" data-element_type=\"widget\" data-widget_type=\"image.default\">\n\t\t\t\t<div class=\"elementor-widget-container\">\n\t\t\t<style>\/*! elementor - v3.6.7 - 03-07-2022 *\/\n.elementor-widget-image{text-align:center}.elementor-widget-image a{display:inline-block}.elementor-widget-image a img[src$=\".svg\"]{width:48px}.elementor-widget-image img{vertical-align:middle;display:inline-block}<\/style>\t\t\t\t\t\t\t\t\t\t\t\t<img width=\"780\" height=\"780\" src=\"https:\/\/sanctaterra.com.mx\/wp-content\/uploads\/2022\/07\/agaves-1.png\" class=\"attachment-large size-large\" alt=\"\" loading=\"lazy\" srcset=\"https:\/\/sanctaterra.com.mx\/wp-content\/uploads\/2022\/07\/agaves-1.png 780w, https:\/\/sanctaterra.com.mx\/wp-content\/uploads\/2022\/07\/agaves-1-300x300.png 300w, https:\/\/sanctaterra.com.mx\/wp-content\/uploads\/2022\/07\/agaves-1-150x150.png 150w, https:\/\/sanctaterra.com.mx\/wp-content\/uploads\/2022\/07\/agaves-1-768x768.png 768w, https:\/\/sanctaterra.com.mx\/wp-content\/uploads\/2022\/07\/agaves-1-146x146.png 146w, https:\/\/sanctaterra.com.mx\/wp-content\/uploads\/2022\/07\/agaves-1-50x50.png 50w, https:\/\/sanctaterra.com.mx\/wp-content\/uploads\/2022\/07\/agaves-1-75x75.png 75w, https:\/\/sanctaterra.com.mx\/wp-content\/uploads\/2022\/07\/agaves-1-85x85.png 85w, https:\/\/sanctaterra.com.mx\/wp-content\/uploads\/2022\/07\/agaves-1-80x80.png 80w\" sizes=\"(max-width: 780px) 100vw, 780px\" \/>\t\t\t\t\t\t\t\t\t\t\t\t\t\t\t<\/div>\n\t\t\t\t<\/div>\n\t\t\t\t\t<\/div>\n\t\t<\/div>\n\t\t\t\t<div class=\"elementor-column elementor-col-50 elementor-inner-column elementor-element elementor-element-a9c8a7b\" data-id=\"a9c8a7b\" data-element_type=\"column\">\n\t\t\t<div class=\"elementor-widget-wrap elementor-element-populated\">\n\t\t\t\t\t\t\t\t<div class=\"elementor-element elementor-element-b215182 elementor-widget elementor-widget-text-editor\" data-id=\"b215182\" data-element_type=\"widget\" data-widget_type=\"text-editor.default\">\n\t\t\t\t<div class=\"elementor-widget-container\">\n\t\t\t<style>\/*! elementor - v3.6.7 - 03-07-2022 *\/\n.elementor-widget-text-editor.elementor-drop-cap-view-stacked .elementor-drop-cap{background-color:#818a91;color:#fff}.elementor-widget-text-editor.elementor-drop-cap-view-framed .elementor-drop-cap{color:#818a91;border:3px solid;background-color:transparent}.elementor-widget-text-editor:not(.elementor-drop-cap-view-default) .elementor-drop-cap{margin-top:8px}.elementor-widget-text-editor:not(.elementor-drop-cap-view-default) .elementor-drop-cap-letter{width:1em;height:1em}.elementor-widget-text-editor .elementor-drop-cap{float:left;text-align:center;line-height:1;font-size:50px}.elementor-widget-text-editor .elementor-drop-cap-letter{display:inline-block}<\/style>\t\t\t\t<h2>Agave<\/h2>\t\t\t\t\t\t<\/div>\n\t\t\t\t<\/div>\n\t\t\t\t<div class=\"elementor-element elementor-element-ee877e0 elementor-widget elementor-widget-text-editor\" data-id=\"ee877e0\" data-element_type=\"widget\" data-widget_type=\"text-editor.default\">\n\t\t\t\t<div class=\"elementor-widget-container\">\n\t\t\t\t\t\t\t<h5>Tequilana Weber Variedad Azul<\/h5><p>El agave azul (Agave tequilana Weber var. azul) se utiliza en M\u00e9xico principalmente en la producci\u00f3n del tequila. Es una planta suculenta perenne perteneciente a la familia Agav\u00e1cea nativa de las regiones xer\u00f3filas de M\u00e9xico. Se cultiva en la regi\u00f3n conocida como Denominaci\u00f3n de Origen del Tequila (DOT), que comprende a los estados de Jalisco, Michoac\u00e1n, Tamaulipas, Nayarit y Guanajuato.<\/p>\t\t\t\t\t\t<\/div>\n\t\t\t\t<\/div>\n\t\t\t\t\t<\/div>\n\t\t<\/div>\n\t\t\t\t\t\t\t<\/div>\n\t\t<\/section>\n\t\t\t\t<section class=\"elementor-section elementor-inner-section elementor-element elementor-element-0fdbf46 elementor-section-boxed elementor-section-height-default elementor-section-height-default\" data-id=\"0fdbf46\" data-element_type=\"section\">\n\t\t\t\t\t\t<div class=\"elementor-container elementor-column-gap-default\">\n\t\t\t\t\t<div class=\"elementor-column elementor-col-100 elementor-inner-column elementor-element elementor-element-15baf8d\" data-id=\"15baf8d\" data-element_type=\"column\">\n\t\t\t<div class=\"elementor-widget-wrap elementor-element-populated\">\n\t\t\t\t\t\t\t\t<div class=\"elementor-element elementor-element-6632c02 elementor-widget elementor-widget-spacer\" data-id=\"6632c02\" data-element_type=\"widget\" data-widget_type=\"spacer.default\">\n\t\t\t\t<div class=\"elementor-widget-container\">\n\t\t\t<style>\/*! elementor - v3.6.7 - 03-07-2022 *\/\n.e-container.e-container--row .elementor-spacer-inner{width:var(--spacer-size)}.e-container.e-container--column .elementor-spacer-inner,.elementor-column .elementor-spacer-inner{height:var(--spacer-size)}<\/style>\t\t<div class=\"elementor-spacer\">\n\t\t\t<div class=\"elementor-spacer-inner\"><\/div>\n\t\t<\/div>\n\t\t\t\t<\/div>\n\t\t\t\t<\/div>\n\t\t\t\t\t<\/div>\n\t\t<\/div>\n\t\t\t\t\t\t\t<\/div>\n\t\t<\/section>\n\t\t\t\t<section class=\"elementor-section elementor-inner-section elementor-element elementor-element-c9d2716 elementor-reverse-tablet elementor-reverse-mobile elementor-section-boxed elementor-section-height-default elementor-section-height-default\" data-id=\"c9d2716\" data-element_type=\"section\">\n\t\t\t\t\t\t<div class=\"elementor-container elementor-column-gap-default\">\n\t\t\t\t\t<div class=\"elementor-column elementor-col-50 elementor-inner-column elementor-element elementor-element-64ead5e\" data-id=\"64ead5e\" data-element_type=\"column\">\n\t\t\t<div class=\"elementor-widget-wrap elementor-element-populated\">\n\t\t\t\t\t\t\t\t<div class=\"elementor-element elementor-element-b340559 elementor-widget elementor-widget-text-editor\" data-id=\"b340559\" data-element_type=\"widget\" data-widget_type=\"text-editor.default\">\n\t\t\t\t<div class=\"elementor-widget-container\">\n\t\t\t\t\t\t\t<h2>Aguacate<\/h2>\t\t\t\t\t\t<\/div>\n\t\t\t\t<\/div>\n\t\t\t\t<div class=\"elementor-element elementor-element-4392512 elementor-widget elementor-widget-text-editor\" data-id=\"4392512\" data-element_type=\"widget\" data-widget_type=\"text-editor.default\">\n\t\t\t\t<div class=\"elementor-widget-container\">\n\t\t\t\t\t\t\t<h5>Variedad Hass<\/h5><p>En M\u00e9xico hay tres principales estados productores de aguacate Hass: Michoac\u00e1n, Jalisco y Nayarit.<br \/>\u201cEn el estado de Michoac\u00e1n hay 150 mil hect\u00e1reas de aguacate Hass en producci\u00f3n, en Jalisco hay 20 mil hect\u00e1reas y en Nayarit m\u00e1s de 5 mil\u201d,<\/p>\t\t\t\t\t\t<\/div>\n\t\t\t\t<\/div>\n\t\t\t\t\t<\/div>\n\t\t<\/div>\n\t\t\t\t<div class=\"elementor-column elementor-col-50 elementor-inner-column elementor-element elementor-element-334268e\" data-id=\"334268e\" data-element_type=\"column\">\n\t\t\t<div class=\"elementor-widget-wrap elementor-element-populated\">\n\t\t\t\t\t\t\t\t<div class=\"elementor-element elementor-element-224128e elementor-widget elementor-widget-image\" data-id=\"224128e\" data-element_type=\"widget\" data-widget_type=\"image.default\">\n\t\t\t\t<div class=\"elementor-widget-container\">\n\t\t\t\t\t\t\t\t\t\t\t\t\t\t\t<img width=\"780\" height=\"780\" src=\"https:\/\/sanctaterra.com.mx\/wp-content\/uploads\/2022\/07\/aguacate.png\" class=\"attachment-large size-large\" alt=\"\" loading=\"lazy\" srcset=\"https:\/\/sanctaterra.com.mx\/wp-content\/uploads\/2022\/07\/aguacate.png 780w, https:\/\/sanctaterra.com.mx\/wp-content\/uploads\/2022\/07\/aguacate-300x300.png 300w, https:\/\/sanctaterra.com.mx\/wp-content\/uploads\/2022\/07\/aguacate-150x150.png 150w, https:\/\/sanctaterra.com.mx\/wp-content\/uploads\/2022\/07\/aguacate-768x768.png 768w, https:\/\/sanctaterra.com.mx\/wp-content\/uploads\/2022\/07\/aguacate-146x146.png 146w, https:\/\/sanctaterra.com.mx\/wp-content\/uploads\/2022\/07\/aguacate-50x50.png 50w, https:\/\/sanctaterra.com.mx\/wp-content\/uploads\/2022\/07\/aguacate-75x75.png 75w, https:\/\/sanctaterra.com.mx\/wp-content\/uploads\/2022\/07\/aguacate-85x85.png 85w, https:\/\/sanctaterra.com.mx\/wp-content\/uploads\/2022\/07\/aguacate-80x80.png 80w\" sizes=\"(max-width: 780px) 100vw, 780px\" \/>\t\t\t\t\t\t\t\t\t\t\t\t\t\t\t<\/div>\n\t\t\t\t<\/div>\n\t\t\t\t\t<\/div>\n\t\t<\/div>\n\t\t\t\t\t\t\t<\/div>\n\t\t<\/section>\n\t\t\t\t<section class=\"elementor-section elementor-inner-section elementor-element elementor-element-bc139c5 elementor-section-boxed elementor-section-height-default elementor-section-height-default\" data-id=\"bc139c5\" data-element_type=\"section\">\n\t\t\t\t\t\t<div class=\"elementor-container elementor-column-gap-default\">\n\t\t\t\t\t<div class=\"elementor-column elementor-col-100 elementor-inner-column elementor-element elementor-element-5e44d53\" data-id=\"5e44d53\" data-element_type=\"column\">\n\t\t\t<div class=\"elementor-widget-wrap elementor-element-populated\">\n\t\t\t\t\t\t\t\t<div class=\"elementor-element elementor-element-b5fe978 elementor-widget elementor-widget-spacer\" data-id=\"b5fe978\" data-element_type=\"widget\" data-widget_type=\"spacer.default\">\n\t\t\t\t<div class=\"elementor-widget-container\">\n\t\t\t\t\t<div class=\"elementor-spacer\">\n\t\t\t<div class=\"elementor-spacer-inner\"><\/div>\n\t\t<\/div>\n\t\t\t\t<\/div>\n\t\t\t\t<\/div>\n\t\t\t\t\t<\/div>\n\t\t<\/div>\n\t\t\t\t\t\t\t<\/div>\n\t\t<\/section>\n\t\t\t\t<section class=\"elementor-section elementor-inner-section elementor-element elementor-element-191d840 elementor-section-boxed elementor-section-height-default elementor-section-height-default\" data-id=\"191d840\" data-element_type=\"section\">\n\t\t\t\t\t\t<div class=\"elementor-container elementor-column-gap-default\">\n\t\t\t\t\t<div class=\"elementor-column elementor-col-50 elementor-inner-column elementor-element elementor-element-4927268\" data-id=\"4927268\" data-element_type=\"column\">\n\t\t\t<div class=\"elementor-widget-wrap elementor-element-populated\">\n\t\t\t\t\t\t\t\t<div class=\"elementor-element elementor-element-7eaedd5 elementor-widget elementor-widget-image\" data-id=\"7eaedd5\" data-element_type=\"widget\" data-widget_type=\"image.default\">\n\t\t\t\t<div class=\"elementor-widget-container\">\n\t\t\t\t\t\t\t\t\t\t\t\t\t\t\t<img width=\"780\" height=\"780\" src=\"https:\/\/sanctaterra.com.mx\/wp-content\/uploads\/2022\/07\/limones.png\" class=\"attachment-large size-large\" alt=\"\" loading=\"lazy\" srcset=\"https:\/\/sanctaterra.com.mx\/wp-content\/uploads\/2022\/07\/limones.png 780w, https:\/\/sanctaterra.com.mx\/wp-content\/uploads\/2022\/07\/limones-300x300.png 300w, https:\/\/sanctaterra.com.mx\/wp-content\/uploads\/2022\/07\/limones-150x150.png 150w, https:\/\/sanctaterra.com.mx\/wp-content\/uploads\/2022\/07\/limones-768x768.png 768w, https:\/\/sanctaterra.com.mx\/wp-content\/uploads\/2022\/07\/limones-146x146.png 146w, https:\/\/sanctaterra.com.mx\/wp-content\/uploads\/2022\/07\/limones-50x50.png 50w, https:\/\/sanctaterra.com.mx\/wp-content\/uploads\/2022\/07\/limones-75x75.png 75w, https:\/\/sanctaterra.com.mx\/wp-content\/uploads\/2022\/07\/limones-85x85.png 85w, https:\/\/sanctaterra.com.mx\/wp-content\/uploads\/2022\/07\/limones-80x80.png 80w\" sizes=\"(max-width: 780px) 100vw, 780px\" \/>\t\t\t\t\t\t\t\t\t\t\t\t\t\t\t<\/div>\n\t\t\t\t<\/div>\n\t\t\t\t\t<\/div>\n\t\t<\/div>\n\t\t\t\t<div class=\"elementor-column elementor-col-50 elementor-inner-column elementor-element elementor-element-53414e6\" data-id=\"53414e6\" data-element_type=\"column\">\n\t\t\t<div class=\"elementor-widget-wrap elementor-element-populated\">\n\t\t\t\t\t\t\t\t<div class=\"elementor-element elementor-element-394c64e elementor-widget elementor-widget-text-editor\" data-id=\"394c64e\" data-element_type=\"widget\" data-widget_type=\"text-editor.default\">\n\t\t\t\t<div class=\"elementor-widget-container\">\n\t\t\t\t\t\t\t<h2>Lim\u00f3n<\/h2>\t\t\t\t\t\t<\/div>\n\t\t\t\t<\/div>\n\t\t\t\t<div class=\"elementor-element elementor-element-2fd4ba5 elementor-widget elementor-widget-text-editor\" data-id=\"2fd4ba5\" data-element_type=\"widget\" data-widget_type=\"text-editor.default\">\n\t\t\t\t<div class=\"elementor-widget-container\">\n\t\t\t\t\t\t\t<h5>Variedad Persa<\/h5><p>En M\u00e9xico se cultivan grandes superficies de esta fruta, cuyas producciones son procesadas y exportadas en gran medida a los Estados Unidos,\u00a0 Europa y Asia. Veracruz es el principal estado productor de lim\u00f3n persa en M\u00e9xico con un volumen anual de 558 mil toneladas anuales lo cual genera un valor de 1,484 millones de pesos (mdp), es decir, el 30% del total nacional. <br \/>Le siguen en importancia Michoac\u00e1n con 1,053 mdp, Colima con 765 mdp y Oaxaca con 574 mdp. Esto significa que estos cuatro estados concentran el 79% del valor de la producci\u00f3n nacional de lim\u00f3n y el 77% del volumen de producci\u00f3n (un mill\u00f3n 588 mil toneladas)..<\/p>\t\t\t\t\t\t<\/div>\n\t\t\t\t<\/div>\n\t\t\t\t\t<\/div>\n\t\t<\/div>\n\t\t\t\t\t\t\t<\/div>\n\t\t<\/section>\n\t\t\t\t<section class=\"elementor-section elementor-inner-section elementor-element elementor-element-0a44264 elementor-section-boxed elementor-section-height-default elementor-section-height-default\" data-id=\"0a44264\" data-element_type=\"section\">\n\t\t\t\t\t\t<div class=\"elementor-container elementor-column-gap-default\">\n\t\t\t\t\t<div class=\"elementor-column elementor-col-100 elementor-inner-column elementor-element elementor-element-7c7e360\" data-id=\"7c7e360\" data-element_type=\"column\">\n\t\t\t<div class=\"elementor-widget-wrap elementor-element-populated\">\n\t\t\t\t\t\t\t\t<div class=\"elementor-element elementor-element-53396d8 elementor-widget elementor-widget-spacer\" data-id=\"53396d8\" data-element_type=\"widget\" data-widget_type=\"spacer.default\">\n\t\t\t\t<div class=\"elementor-widget-container\">\n\t\t\t\t\t<div class=\"elementor-spacer\">\n\t\t\t<div class=\"elementor-spacer-inner\"><\/div>\n\t\t<\/div>\n\t\t\t\t<\/div>\n\t\t\t\t<\/div>\n\t\t\t\t\t<\/div>\n\t\t<\/div>\n\t\t\t\t\t\t\t<\/div>\n\t\t<\/section>\n\t\t\t\t<section class=\"elementor-section elementor-inner-section elementor-element elementor-element-91a4398 elementor-section-boxed elementor-section-height-default elementor-section-height-default\" data-id=\"91a4398\" data-element_type=\"section\">\n\t\t\t\t\t\t<div class=\"elementor-container elementor-column-gap-default\">\n\t\t\t\t\t<div class=\"elementor-column elementor-col-100 elementor-inner-column elementor-element elementor-element-c757882\" data-id=\"c757882\" data-element_type=\"column\">\n\t\t\t<div class=\"elementor-widget-wrap elementor-element-populated\">\n\t\t\t\t\t\t\t\t<div class=\"elementor-element elementor-element-3a95518 elementor-widget elementor-widget-spacer\" data-id=\"3a95518\" data-element_type=\"widget\" data-widget_type=\"spacer.default\">\n\t\t\t\t<div class=\"elementor-widget-container\">\n\t\t\t\t\t<div class=\"elementor-spacer\">\n\t\t\t<div class=\"elementor-spacer-inner\"><\/div>\n\t\t<\/div>\n\t\t\t\t<\/div>\n\t\t\t\t<\/div>\n\t\t\t\t<div class=\"elementor-element elementor-element-3e1b560 elementor-widget elementor-widget-image\" data-id=\"3e1b560\" data-element_type=\"widget\" data-widget_type=\"image.default\">\n\t\t\t\t<div class=\"elementor-widget-container\">\n\t\t\t\t\t\t\t\t\t\t\t\t\t\t\t<img width=\"704\" height=\"23\" src=\"https:\/\/sanctaterra.com.mx\/wp-content\/uploads\/2020\/12\/farm2-sep1.png\" class=\"attachment-large size-large\" alt=\"\" loading=\"lazy\" srcset=\"https:\/\/sanctaterra.com.mx\/wp-content\/uploads\/2020\/12\/farm2-sep1.png 704w, https:\/\/sanctaterra.com.mx\/wp-content\/uploads\/2020\/12\/farm2-sep1-300x10.png 300w, https:\/\/sanctaterra.com.mx\/wp-content\/uploads\/2020\/12\/farm2-sep1-260x8.png 260w, https:\/\/sanctaterra.com.mx\/wp-content\/uploads\/2020\/12\/farm2-sep1-50x2.png 50w, https:\/\/sanctaterra.com.mx\/wp-content\/uploads\/2020\/12\/farm2-sep1-150x5.png 150w\" sizes=\"(max-width: 704px) 100vw, 704px\" \/>\t\t\t\t\t\t\t\t\t\t\t\t\t\t\t<\/div>\n\t\t\t\t<\/div>\n\t\t\t\t\t<\/div>\n\t\t<\/div>\n\t\t\t\t\t\t\t<\/div>\n\t\t<\/section>\n\t\t\t\t\t<\/div>\n\t\t<\/div>\n\t\t\t\t\t\t\t<\/div>\n\t\t<\/section>\n\t\t\t\t\t\t\t<\/div>\n\t\t","protected":false},"excerpt":{"rendered":"<p>Agave Tequilana Weber Variedad Azul El agave azul (Agave tequilana Weber var. azul) se utiliza en M\u00e9xico principalmente en la producci\u00f3n del tequila. Es una planta<span class=\"excerpt-hellip\"> [\u2026]<\/span><\/p>\n","protected":false},"author":2,"featured_media":670,"parent":0,"menu_order":0,"comment_status":"closed","ping_status":"closed","template":"","meta":[],"_links":{"self":[{"href":"https:\/\/sanctaterra.com.mx\/index.php\/wp-json\/wp\/v2\/pages\/411"}],"collection":[{"href":"https:\/\/sanctaterra.com.mx\/index.php\/wp-json\/wp\/v2\/pages"}],"about":[{"href":"https:\/\/sanctaterra.com.mx\/index.php\/wp-json\/wp\/v2\/types\/page"}],"author":[{"embeddable":true,"href":"https:\/\/sanctaterra.com.mx\/index.php\/wp-json\/wp\/v2\/users\/2"}],"replies":[{"embeddable":true,"href":"https:\/\/sanctaterra.com.mx\/index.php\/wp-json\/wp\/v2\/comments?post=411"}],"version-history":[{"count":11,"href":"https:\/\/sanctaterra.com.mx\/index.php\/wp-json\/wp\/v2\/pages\/411\/revisions"}],"predecessor-version":[{"id":987,"href":"https:\/\/sanctaterra.com.mx\/index.php\/wp-json\/wp\/v2\/pages\/411\/revisions\/987"}],"wp:featuredmedia":[{"embeddable":true,"href":"https:\/\/sanctaterra.com.mx\/index.php\/wp-json\/wp\/v2\/media\/670"}],"wp:attachment":[{"href":"https:\/\/sanctaterra.com.mx\/index.php\/wp-json\/wp\/v2\/media?parent=411"}],"curies":[{"name":"wp","href":"https:\/\/api.w.org\/{rel}","templated":true}]}}